{"id":701,"date":"2024-01-26T15:26:07","date_gmt":"2024-01-26T14:26:07","guid":{"rendered":"https:\/\/voxia.ch\/services\/production-et-diffusion-de-contenus\/"},"modified":"2024-04-14T13:16:46","modified_gmt":"2024-04-14T11:16:46","slug":"produktion-und-verbreitung-von-content","status":"publish","type":"page","link":"https:\/\/voxia.ch\/de\/dienstleistungen\/produktion-und-verbreitung-von-content\/","title":{"rendered":"Produktion und Verbreitung von Content"},"content":{"rendered":"","protected":false},"excerpt":{"rendered":"","protected":false},"author":1,"featured_media":963,"parent":665,"menu_order":9,"comment_status":"closed","ping_status":"closed","template":"page-services-detail.php","meta":{"_acf_changed":false,"footnotes":""},"class_list":["post-701","page","type-page","status-publish","has-post-thumbnail","hentry"],"acf":[],"yoast_head":"<!-- This site is optimized with the Yoast SEO Premium plugin v27.4 (Yoast SEO v27.5) - https:\/\/yoast.com\/product\/yoast-seo-premium-wordpress\/ -->\n<title>Produktion und Verbreitung von Content - Voxia<\/title>\n<meta name=\"robots\" content=\"index, follow, max-snippet:-1, max-image-preview:large, max-video-preview:-1\" \/>\n<link rel=\"canonical\" href=\"https:\/\/voxia.ch\/de\/dienstleistungen\/produktion-und-verbreitung-von-content\/\" \/>\n<meta property=\"og:locale\" content=\"de_DE\" \/>\n<meta property=\"og:type\" content=\"article\" \/>\n<meta property=\"og:title\" content=\"Produktion und Verbreitung von Content\" \/>\n<meta property=\"og:url\" content=\"https:\/\/voxia.ch\/de\/dienstleistungen\/produktion-und-verbreitung-von-content\/\" \/>\n<meta property=\"og:site_name\" content=\"Voxia\" \/>\n<meta property=\"article:publisher\" content=\"https:\/\/www.facebook.com\/voxia\/\" \/>\n<meta property=\"article:modified_time\" content=\"2024-04-14T11:16:46+00:00\" \/>\n<meta property=\"og:image\" content=\"http:\/\/v2.voxia.ch\/wp-content\/uploads\/2024\/02\/Productiondiffusion_contenus-1.png\" \/>\n\t<meta property=\"og:image:width\" content=\"525\" \/>\n\t<meta property=\"og:image:height\" content=\"516\" \/>\n\t<meta property=\"og:image:type\" content=\"image\/png\" \/>\n<meta name=\"twitter:card\" content=\"summary_large_image\" \/>\n<meta name=\"twitter:label1\" content=\"Gesch\u00e4tzte Lesezeit\" \/>\n\t<meta name=\"twitter:data1\" content=\"2\u00a0Minuten\" \/>\n<script type=\"application\/ld+json\" class=\"yoast-schema-graph\">{\"@context\":\"https:\\\/\\\/schema.org\",\"@graph\":[{\"@type\":\"WebPage\",\"@id\":\"https:\\\/\\\/voxia.ch\\\/de\\\/dienstleistungen\\\/produktion-und-verbreitung-von-content\\\/\",\"url\":\"https:\\\/\\\/voxia.ch\\\/de\\\/dienstleistungen\\\/produktion-und-verbreitung-von-content\\\/\",\"name\":\"Produktion und Verbreitung von Content - Voxia\",\"isPartOf\":{\"@id\":\"https:\\\/\\\/v2.voxia.ch\\\/#website\"},\"primaryImageOfPage\":{\"@id\":\"https:\\\/\\\/voxia.ch\\\/de\\\/dienstleistungen\\\/produktion-und-verbreitung-von-content\\\/#primaryimage\"},\"image\":{\"@id\":\"https:\\\/\\\/voxia.ch\\\/de\\\/dienstleistungen\\\/produktion-und-verbreitung-von-content\\\/#primaryimage\"},\"thumbnailUrl\":\"https:\\\/\\\/voxia.ch\\\/wp-content\\\/uploads\\\/2024\\\/02\\\/Productiondiffusion_contenus-1.png\",\"datePublished\":\"2024-01-26T14:26:07+00:00\",\"dateModified\":\"2024-04-14T11:16:46+00:00\",\"breadcrumb\":{\"@id\":\"https:\\\/\\\/voxia.ch\\\/de\\\/dienstleistungen\\\/produktion-und-verbreitung-von-content\\\/#breadcrumb\"},\"inLanguage\":\"de\",\"potentialAction\":[{\"@type\":\"ReadAction\",\"target\":[\"https:\\\/\\\/voxia.ch\\\/de\\\/dienstleistungen\\\/produktion-und-verbreitung-von-content\\\/\"]}]},{\"@type\":\"ImageObject\",\"inLanguage\":\"de\",\"@id\":\"https:\\\/\\\/voxia.ch\\\/de\\\/dienstleistungen\\\/produktion-und-verbreitung-von-content\\\/#primaryimage\",\"url\":\"https:\\\/\\\/voxia.ch\\\/wp-content\\\/uploads\\\/2024\\\/02\\\/Productiondiffusion_contenus-1.png\",\"contentUrl\":\"https:\\\/\\\/voxia.ch\\\/wp-content\\\/uploads\\\/2024\\\/02\\\/Productiondiffusion_contenus-1.png\",\"width\":525,\"height\":516},{\"@type\":\"BreadcrumbList\",\"@id\":\"https:\\\/\\\/voxia.ch\\\/de\\\/dienstleistungen\\\/produktion-und-verbreitung-von-content\\\/#breadcrumb\",\"itemListElement\":[{\"@type\":\"ListItem\",\"position\":1,\"name\":\"Accueil\",\"item\":\"https:\\\/\\\/voxia.ch\\\/de\\\/\"},{\"@type\":\"ListItem\",\"position\":2,\"name\":\"dienstleistungen\",\"item\":\"https:\\\/\\\/voxia.ch\\\/de\\\/dienstleistungen\\\/\"},{\"@type\":\"ListItem\",\"position\":3,\"name\":\"Produktion und Verbreitung von Content\"}]},{\"@type\":\"WebSite\",\"@id\":\"https:\\\/\\\/v2.voxia.ch\\\/#website\",\"url\":\"https:\\\/\\\/v2.voxia.ch\\\/\",\"name\":\"Voxia\",\"description\":\"Voxia\",\"publisher\":{\"@id\":\"https:\\\/\\\/v2.voxia.ch\\\/#organization\"},\"potentialAction\":[{\"@type\":\"SearchAction\",\"target\":{\"@type\":\"EntryPoint\",\"urlTemplate\":\"https:\\\/\\\/v2.voxia.ch\\\/?s={search_term_string}\"},\"query-input\":{\"@type\":\"PropertyValueSpecification\",\"valueRequired\":true,\"valueName\":\"search_term_string\"}}],\"inLanguage\":\"de\"},{\"@type\":\"Organization\",\"@id\":\"https:\\\/\\\/v2.voxia.ch\\\/#organization\",\"name\":\"VOXIA communication\",\"alternateName\":\"VOXIA\",\"url\":\"https:\\\/\\\/v2.voxia.ch\\\/\",\"logo\":{\"@type\":\"ImageObject\",\"inLanguage\":\"de\",\"@id\":\"https:\\\/\\\/v2.voxia.ch\\\/#\\\/schema\\\/logo\\\/image\\\/\",\"url\":\"https:\\\/\\\/voxia.ch\\\/wp-content\\\/uploads\\\/2024\\\/04\\\/cropped-flavicon_voxia.png\",\"contentUrl\":\"https:\\\/\\\/voxia.ch\\\/wp-content\\\/uploads\\\/2024\\\/04\\\/cropped-flavicon_voxia.png\",\"width\":512,\"height\":512,\"caption\":\"VOXIA communication\"},\"image\":{\"@id\":\"https:\\\/\\\/v2.voxia.ch\\\/#\\\/schema\\\/logo\\\/image\\\/\"},\"sameAs\":[\"https:\\\/\\\/www.facebook.com\\\/voxia\\\/\",\"https:\\\/\\\/www.linkedin.com\\\/company\\\/voxia-communication\\\/\"],\"description\":\"Voxia est une agence de communication et de marketing bas\u00e9e en Suisse, sp\u00e9cialis\u00e9e en strat\u00e9gie de marque, relations m\u00e9dias, communication institutionnelle, marketing digital et production de contenus. L\u2019organisation s\u2019appuie sur trois p\u00f4les compl\u00e9mentaires : VOXCOM (communication & influence), VOXIMO (immobilier & projets urbains) et VOXFINANCE (finance, investissement & asset management). Nous accompagnons entreprises, institutions publiques, ONG et acteurs financiers avec des solutions sur mesure : strat\u00e9gie de communication, gestion de r\u00e9putation, campagnes digitales, conseil immobilier, communication financi\u00e8re et contenus \u00e0 forte valeur ajout\u00e9e. Notre expertise sectorielle, notre capacit\u00e9 \u00e0 anticiper les enjeux et notre approche int\u00e9gr\u00e9e permettent \u00e0 nos clients de gagner en visibilit\u00e9, en cr\u00e9dibilit\u00e9 et en impact durable.\",\"email\":\"peggy.girard@voxia.ch\",\"telephone\":\"+41 22 591 22 66\",\"legalName\":\"VOXIA communication\",\"foundingDate\":\"2001-11-05\",\"numberOfEmployees\":{\"@type\":\"QuantitativeValue\",\"minValue\":\"11\",\"maxValue\":\"50\"}}]}<\/script>\n<!-- \/ Yoast SEO Premium plugin. -->","yoast_head_json":{"title":"Produktion und Verbreitung von Content - Voxia","robots":{"index":"index","follow":"follow","max-snippet":"max-snippet:-1","max-image-preview":"max-image-preview:large","max-video-preview":"max-video-preview:-1"},"canonical":"https:\/\/voxia.ch\/de\/dienstleistungen\/produktion-und-verbreitung-von-content\/","og_locale":"de_DE","og_type":"article","og_title":"Produktion und Verbreitung von Content","og_url":"https:\/\/voxia.ch\/de\/dienstleistungen\/produktion-und-verbreitung-von-content\/","og_site_name":"Voxia","article_publisher":"https:\/\/www.facebook.com\/voxia\/","article_modified_time":"2024-04-14T11:16:46+00:00","og_image":[{"width":525,"height":516,"url":"http:\/\/v2.voxia.ch\/wp-content\/uploads\/2024\/02\/Productiondiffusion_contenus-1.png","type":"image\/png"}],"twitter_card":"summary_large_image","twitter_misc":{"Gesch\u00e4tzte Lesezeit":"2\u00a0Minuten"},"schema":{"@context":"https:\/\/schema.org","@graph":[{"@type":"WebPage","@id":"https:\/\/voxia.ch\/de\/dienstleistungen\/produktion-und-verbreitung-von-content\/","url":"https:\/\/voxia.ch\/de\/dienstleistungen\/produktion-und-verbreitung-von-content\/","name":"Produktion und Verbreitung von Content - Voxia","isPartOf":{"@id":"https:\/\/v2.voxia.ch\/#website"},"primaryImageOfPage":{"@id":"https:\/\/voxia.ch\/de\/dienstleistungen\/produktion-und-verbreitung-von-content\/#primaryimage"},"image":{"@id":"https:\/\/voxia.ch\/de\/dienstleistungen\/produktion-und-verbreitung-von-content\/#primaryimage"},"thumbnailUrl":"https:\/\/voxia.ch\/wp-content\/uploads\/2024\/02\/Productiondiffusion_contenus-1.png","datePublished":"2024-01-26T14:26:07+00:00","dateModified":"2024-04-14T11:16:46+00:00","breadcrumb":{"@id":"https:\/\/voxia.ch\/de\/dienstleistungen\/produktion-und-verbreitung-von-content\/#breadcrumb"},"inLanguage":"de","potentialAction":[{"@type":"ReadAction","target":["https:\/\/voxia.ch\/de\/dienstleistungen\/produktion-und-verbreitung-von-content\/"]}]},{"@type":"ImageObject","inLanguage":"de","@id":"https:\/\/voxia.ch\/de\/dienstleistungen\/produktion-und-verbreitung-von-content\/#primaryimage","url":"https:\/\/voxia.ch\/wp-content\/uploads\/2024\/02\/Productiondiffusion_contenus-1.png","contentUrl":"https:\/\/voxia.ch\/wp-content\/uploads\/2024\/02\/Productiondiffusion_contenus-1.png","width":525,"height":516},{"@type":"BreadcrumbList","@id":"https:\/\/voxia.ch\/de\/dienstleistungen\/produktion-und-verbreitung-von-content\/#breadcrumb","itemListElement":[{"@type":"ListItem","position":1,"name":"Accueil","item":"https:\/\/voxia.ch\/de\/"},{"@type":"ListItem","position":2,"name":"dienstleistungen","item":"https:\/\/voxia.ch\/de\/dienstleistungen\/"},{"@type":"ListItem","position":3,"name":"Produktion und Verbreitung von Content"}]},{"@type":"WebSite","@id":"https:\/\/v2.voxia.ch\/#website","url":"https:\/\/v2.voxia.ch\/","name":"Voxia","description":"Voxia","publisher":{"@id":"https:\/\/v2.voxia.ch\/#organization"},"potentialAction":[{"@type":"SearchAction","target":{"@type":"EntryPoint","urlTemplate":"https:\/\/v2.voxia.ch\/?s={search_term_string}"},"query-input":{"@type":"PropertyValueSpecification","valueRequired":true,"valueName":"search_term_string"}}],"inLanguage":"de"},{"@type":"Organization","@id":"https:\/\/v2.voxia.ch\/#organization","name":"VOXIA communication","alternateName":"VOXIA","url":"https:\/\/v2.voxia.ch\/","logo":{"@type":"ImageObject","inLanguage":"de","@id":"https:\/\/v2.voxia.ch\/#\/schema\/logo\/image\/","url":"https:\/\/voxia.ch\/wp-content\/uploads\/2024\/04\/cropped-flavicon_voxia.png","contentUrl":"https:\/\/voxia.ch\/wp-content\/uploads\/2024\/04\/cropped-flavicon_voxia.png","width":512,"height":512,"caption":"VOXIA communication"},"image":{"@id":"https:\/\/v2.voxia.ch\/#\/schema\/logo\/image\/"},"sameAs":["https:\/\/www.facebook.com\/voxia\/","https:\/\/www.linkedin.com\/company\/voxia-communication\/"],"description":"Voxia est une agence de communication et de marketing bas\u00e9e en Suisse, sp\u00e9cialis\u00e9e en strat\u00e9gie de marque, relations m\u00e9dias, communication institutionnelle, marketing digital et production de contenus. L\u2019organisation s\u2019appuie sur trois p\u00f4les compl\u00e9mentaires : VOXCOM (communication & influence), VOXIMO (immobilier & projets urbains) et VOXFINANCE (finance, investissement & asset management). Nous accompagnons entreprises, institutions publiques, ONG et acteurs financiers avec des solutions sur mesure : strat\u00e9gie de communication, gestion de r\u00e9putation, campagnes digitales, conseil immobilier, communication financi\u00e8re et contenus \u00e0 forte valeur ajout\u00e9e. Notre expertise sectorielle, notre capacit\u00e9 \u00e0 anticiper les enjeux et notre approche int\u00e9gr\u00e9e permettent \u00e0 nos clients de gagner en visibilit\u00e9, en cr\u00e9dibilit\u00e9 et en impact durable.","email":"peggy.girard@voxia.ch","telephone":"+41 22 591 22 66","legalName":"VOXIA communication","foundingDate":"2001-11-05","numberOfEmployees":{"@type":"QuantitativeValue","minValue":"11","maxValue":"50"}}]}},"_links":{"self":[{"href":"https:\/\/voxia.ch\/de\/wp-json\/wp\/v2\/pages\/701","targetHints":{"allow":["GET"]}}],"collection":[{"href":"https:\/\/voxia.ch\/de\/wp-json\/wp\/v2\/pages"}],"about":[{"href":"https:\/\/voxia.ch\/de\/wp-json\/wp\/v2\/types\/page"}],"author":[{"embeddable":true,"href":"https:\/\/voxia.ch\/de\/wp-json\/wp\/v2\/users\/1"}],"replies":[{"embeddable":true,"href":"https:\/\/voxia.ch\/de\/wp-json\/wp\/v2\/comments?post=701"}],"version-history":[{"count":6,"href":"https:\/\/voxia.ch\/de\/wp-json\/wp\/v2\/pages\/701\/revisions"}],"predecessor-version":[{"id":2019,"href":"https:\/\/voxia.ch\/de\/wp-json\/wp\/v2\/pages\/701\/revisions\/2019"}],"up":[{"embeddable":true,"href":"https:\/\/voxia.ch\/de\/wp-json\/wp\/v2\/pages\/665"}],"wp:featuredmedia":[{"embeddable":true,"href":"https:\/\/voxia.ch\/de\/wp-json\/wp\/v2\/media\/963"}],"wp:attachment":[{"href":"https:\/\/voxia.ch\/de\/wp-json\/wp\/v2\/media?parent=701"}],"curies":[{"name":"wp","href":"https:\/\/api.w.org\/{rel}","templated":true}]}}