{"id":1371,"date":"2023-12-28T10:31:43","date_gmt":"2023-12-28T09:31:43","guid":{"rendered":"https:\/\/voxia.ch\/?page_id=1371"},"modified":"2025-01-31T08:59:13","modified_gmt":"2025-01-31T07:59:13","slug":"home","status":"publish","type":"page","link":"https:\/\/voxia.ch\/en\/","title":{"rendered":"home"},"content":{"rendered":"","protected":false},"excerpt":{"rendered":"","protected":false},"author":1,"featured_media":0,"parent":0,"menu_order":25,"comment_status":"closed","ping_status":"closed","template":"page-accueil.php","meta":{"_acf_changed":false,"footnotes":""},"class_list":["post-1371","page","type-page","status-publish","hentry"],"acf":[],"yoast_head":"<!-- This site is optimized with the Yoast SEO Premium plugin v27.4 (Yoast SEO v27.4) - https:\/\/yoast.com\/product\/yoast-seo-premium-wordpress\/ -->\n<title>home - Voxia<\/title>\n<meta name=\"description\" content=\"Founded over 20 years ago, Voxia is a communications, public relations and design consultancy. With offices in Geneva, Zurich and Lugano.\" \/>\n<meta name=\"robots\" content=\"index, follow, max-snippet:-1, max-image-preview:large, max-video-preview:-1\" \/>\n<link rel=\"canonical\" href=\"https:\/\/voxia.ch\/en\/\" \/>\n<meta property=\"og:locale\" content=\"en_US\" \/>\n<meta property=\"og:type\" content=\"article\" \/>\n<meta property=\"og:title\" content=\"home\" \/>\n<meta property=\"og:description\" content=\"Founded over 20 years ago, Voxia is a communications, public relations and design consultancy. With offices in Geneva, Zurich and Lugano.\" \/>\n<meta property=\"og:url\" content=\"https:\/\/voxia.ch\/en\/\" \/>\n<meta property=\"og:site_name\" content=\"Voxia\" \/>\n<meta property=\"article:publisher\" content=\"https:\/\/www.facebook.com\/voxia\/\" \/>\n<meta property=\"article:modified_time\" content=\"2025-01-31T07:59:13+00:00\" \/>\n<meta name=\"twitter:card\" content=\"summary_large_image\" \/>\n<meta name=\"twitter:label1\" content=\"Est. reading time\" \/>\n\t<meta name=\"twitter:data1\" content=\"3 minutes\" \/>\n<script type=\"application\/ld+json\" class=\"yoast-schema-graph\">{\"@context\":\"https:\\\/\\\/schema.org\",\"@graph\":[{\"@type\":\"WebPage\",\"@id\":\"https:\\\/\\\/voxia.ch\\\/en\\\/\",\"url\":\"https:\\\/\\\/voxia.ch\\\/en\\\/\",\"name\":\"home - Voxia\",\"isPartOf\":{\"@id\":\"https:\\\/\\\/v2.voxia.ch\\\/#website\"},\"datePublished\":\"2023-12-28T09:31:43+00:00\",\"dateModified\":\"2025-01-31T07:59:13+00:00\",\"description\":\"Founded over 20 years ago, Voxia is a communications, public relations and design consultancy. With offices in Geneva, Zurich and Lugano.\",\"breadcrumb\":{\"@id\":\"https:\\\/\\\/voxia.ch\\\/en\\\/#breadcrumb\"},\"inLanguage\":\"en-US\",\"potentialAction\":[{\"@type\":\"ReadAction\",\"target\":[\"https:\\\/\\\/voxia.ch\\\/en\\\/\"]}]},{\"@type\":\"BreadcrumbList\",\"@id\":\"https:\\\/\\\/voxia.ch\\\/en\\\/#breadcrumb\",\"itemListElement\":[{\"@type\":\"ListItem\",\"position\":1,\"name\":\"Accueil\",\"item\":\"https:\\\/\\\/voxia.ch\\\/en\\\/\"},{\"@type\":\"ListItem\",\"position\":2,\"name\":\"home\"}]},{\"@type\":\"WebSite\",\"@id\":\"https:\\\/\\\/v2.voxia.ch\\\/#website\",\"url\":\"https:\\\/\\\/v2.voxia.ch\\\/\",\"name\":\"Voxia\",\"description\":\"Voxia\",\"publisher\":{\"@id\":\"https:\\\/\\\/v2.voxia.ch\\\/#organization\"},\"potentialAction\":[{\"@type\":\"SearchAction\",\"target\":{\"@type\":\"EntryPoint\",\"urlTemplate\":\"https:\\\/\\\/v2.voxia.ch\\\/?s={search_term_string}\"},\"query-input\":{\"@type\":\"PropertyValueSpecification\",\"valueRequired\":true,\"valueName\":\"search_term_string\"}}],\"inLanguage\":\"en-US\"},{\"@type\":\"Organization\",\"@id\":\"https:\\\/\\\/v2.voxia.ch\\\/#organization\",\"name\":\"VOXIA communication\",\"alternateName\":\"VOXIA\",\"url\":\"https:\\\/\\\/v2.voxia.ch\\\/\",\"logo\":{\"@type\":\"ImageObject\",\"inLanguage\":\"en-US\",\"@id\":\"https:\\\/\\\/v2.voxia.ch\\\/#\\\/schema\\\/logo\\\/image\\\/\",\"url\":\"https:\\\/\\\/voxia.ch\\\/wp-content\\\/uploads\\\/2024\\\/04\\\/cropped-flavicon_voxia.png\",\"contentUrl\":\"https:\\\/\\\/voxia.ch\\\/wp-content\\\/uploads\\\/2024\\\/04\\\/cropped-flavicon_voxia.png\",\"width\":512,\"height\":512,\"caption\":\"VOXIA communication\"},\"image\":{\"@id\":\"https:\\\/\\\/v2.voxia.ch\\\/#\\\/schema\\\/logo\\\/image\\\/\"},\"sameAs\":[\"https:\\\/\\\/www.facebook.com\\\/voxia\\\/\",\"https:\\\/\\\/www.linkedin.com\\\/company\\\/voxia-communication\\\/\"],\"description\":\"Voxia est une agence de communication et de marketing bas\u00e9e en Suisse, sp\u00e9cialis\u00e9e en strat\u00e9gie de marque, relations m\u00e9dias, communication institutionnelle, marketing digital et production de contenus. L\u2019organisation s\u2019appuie sur trois p\u00f4les compl\u00e9mentaires : VOXCOM (communication & influence), VOXIMO (immobilier & projets urbains) et VOXFINANCE (finance, investissement & asset management). Nous accompagnons entreprises, institutions publiques, ONG et acteurs financiers avec des solutions sur mesure : strat\u00e9gie de communication, gestion de r\u00e9putation, campagnes digitales, conseil immobilier, communication financi\u00e8re et contenus \u00e0 forte valeur ajout\u00e9e. Notre expertise sectorielle, notre capacit\u00e9 \u00e0 anticiper les enjeux et notre approche int\u00e9gr\u00e9e permettent \u00e0 nos clients de gagner en visibilit\u00e9, en cr\u00e9dibilit\u00e9 et en impact durable.\",\"email\":\"peggy.girard@voxia.ch\",\"telephone\":\"+41 22 591 22 66\",\"legalName\":\"VOXIA communication\",\"foundingDate\":\"2001-11-05\",\"numberOfEmployees\":{\"@type\":\"QuantitativeValue\",\"minValue\":\"11\",\"maxValue\":\"50\"}}]}<\/script>\n<!-- \/ Yoast SEO Premium plugin. -->","yoast_head_json":{"title":"home - Voxia","description":"Founded over 20 years ago, Voxia is a communications, public relations and design consultancy. With offices in Geneva, Zurich and Lugano.","robots":{"index":"index","follow":"follow","max-snippet":"max-snippet:-1","max-image-preview":"max-image-preview:large","max-video-preview":"max-video-preview:-1"},"canonical":"https:\/\/voxia.ch\/en\/","og_locale":"en_US","og_type":"article","og_title":"home","og_description":"Founded over 20 years ago, Voxia is a communications, public relations and design consultancy. With offices in Geneva, Zurich and Lugano.","og_url":"https:\/\/voxia.ch\/en\/","og_site_name":"Voxia","article_publisher":"https:\/\/www.facebook.com\/voxia\/","article_modified_time":"2025-01-31T07:59:13+00:00","twitter_card":"summary_large_image","twitter_misc":{"Est. reading time":"3 minutes"},"schema":{"@context":"https:\/\/schema.org","@graph":[{"@type":"WebPage","@id":"https:\/\/voxia.ch\/en\/","url":"https:\/\/voxia.ch\/en\/","name":"home - Voxia","isPartOf":{"@id":"https:\/\/v2.voxia.ch\/#website"},"datePublished":"2023-12-28T09:31:43+00:00","dateModified":"2025-01-31T07:59:13+00:00","description":"Founded over 20 years ago, Voxia is a communications, public relations and design consultancy. With offices in Geneva, Zurich and Lugano.","breadcrumb":{"@id":"https:\/\/voxia.ch\/en\/#breadcrumb"},"inLanguage":"en-US","potentialAction":[{"@type":"ReadAction","target":["https:\/\/voxia.ch\/en\/"]}]},{"@type":"BreadcrumbList","@id":"https:\/\/voxia.ch\/en\/#breadcrumb","itemListElement":[{"@type":"ListItem","position":1,"name":"Accueil","item":"https:\/\/voxia.ch\/en\/"},{"@type":"ListItem","position":2,"name":"home"}]},{"@type":"WebSite","@id":"https:\/\/v2.voxia.ch\/#website","url":"https:\/\/v2.voxia.ch\/","name":"Voxia","description":"Voxia","publisher":{"@id":"https:\/\/v2.voxia.ch\/#organization"},"potentialAction":[{"@type":"SearchAction","target":{"@type":"EntryPoint","urlTemplate":"https:\/\/v2.voxia.ch\/?s={search_term_string}"},"query-input":{"@type":"PropertyValueSpecification","valueRequired":true,"valueName":"search_term_string"}}],"inLanguage":"en-US"},{"@type":"Organization","@id":"https:\/\/v2.voxia.ch\/#organization","name":"VOXIA communication","alternateName":"VOXIA","url":"https:\/\/v2.voxia.ch\/","logo":{"@type":"ImageObject","inLanguage":"en-US","@id":"https:\/\/v2.voxia.ch\/#\/schema\/logo\/image\/","url":"https:\/\/voxia.ch\/wp-content\/uploads\/2024\/04\/cropped-flavicon_voxia.png","contentUrl":"https:\/\/voxia.ch\/wp-content\/uploads\/2024\/04\/cropped-flavicon_voxia.png","width":512,"height":512,"caption":"VOXIA communication"},"image":{"@id":"https:\/\/v2.voxia.ch\/#\/schema\/logo\/image\/"},"sameAs":["https:\/\/www.facebook.com\/voxia\/","https:\/\/www.linkedin.com\/company\/voxia-communication\/"],"description":"Voxia est une agence de communication et de marketing bas\u00e9e en Suisse, sp\u00e9cialis\u00e9e en strat\u00e9gie de marque, relations m\u00e9dias, communication institutionnelle, marketing digital et production de contenus. L\u2019organisation s\u2019appuie sur trois p\u00f4les compl\u00e9mentaires : VOXCOM (communication & influence), VOXIMO (immobilier & projets urbains) et VOXFINANCE (finance, investissement & asset management). Nous accompagnons entreprises, institutions publiques, ONG et acteurs financiers avec des solutions sur mesure : strat\u00e9gie de communication, gestion de r\u00e9putation, campagnes digitales, conseil immobilier, communication financi\u00e8re et contenus \u00e0 forte valeur ajout\u00e9e. Notre expertise sectorielle, notre capacit\u00e9 \u00e0 anticiper les enjeux et notre approche int\u00e9gr\u00e9e permettent \u00e0 nos clients de gagner en visibilit\u00e9, en cr\u00e9dibilit\u00e9 et en impact durable.","email":"peggy.girard@voxia.ch","telephone":"+41 22 591 22 66","legalName":"VOXIA communication","foundingDate":"2001-11-05","numberOfEmployees":{"@type":"QuantitativeValue","minValue":"11","maxValue":"50"}}]}},"_links":{"self":[{"href":"https:\/\/voxia.ch\/en\/wp-json\/wp\/v2\/pages\/1371","targetHints":{"allow":["GET"]}}],"collection":[{"href":"https:\/\/voxia.ch\/en\/wp-json\/wp\/v2\/pages"}],"about":[{"href":"https:\/\/voxia.ch\/en\/wp-json\/wp\/v2\/types\/page"}],"author":[{"embeddable":true,"href":"https:\/\/voxia.ch\/en\/wp-json\/wp\/v2\/users\/1"}],"replies":[{"embeddable":true,"href":"https:\/\/voxia.ch\/en\/wp-json\/wp\/v2\/comments?post=1371"}],"version-history":[{"count":14,"href":"https:\/\/voxia.ch\/en\/wp-json\/wp\/v2\/pages\/1371\/revisions"}],"predecessor-version":[{"id":5864,"href":"https:\/\/voxia.ch\/en\/wp-json\/wp\/v2\/pages\/1371\/revisions\/5864"}],"wp:attachment":[{"href":"https:\/\/voxia.ch\/en\/wp-json\/wp\/v2\/media?parent=1371"}],"curies":[{"name":"wp","href":"https:\/\/api.w.org\/{rel}","templated":true}]}}