{"id":1418,"date":"2024-01-26T15:25:50","date_gmt":"2024-01-26T14:25:50","guid":{"rendered":"https:\/\/voxia.ch\/?page_id=1418"},"modified":"2024-04-11T17:43:06","modified_gmt":"2024-04-11T15:43:06","slug":"communication-tools","status":"publish","type":"page","link":"https:\/\/voxia.ch\/en\/services\/communication-tools\/","title":{"rendered":"Communication tools"},"content":{"rendered":"","protected":false},"excerpt":{"rendered":"","protected":false},"author":1,"featured_media":1447,"parent":1408,"menu_order":7,"comment_status":"closed","ping_status":"closed","template":"page-services-detail.php","meta":{"_acf_changed":false,"footnotes":""},"class_list":["post-1418","page","type-page","status-publish","has-post-thumbnail","hentry"],"acf":[],"yoast_head":"<!-- This site is optimized with the Yoast SEO Premium plugin v26.6 (Yoast SEO v27.3) - https:\/\/yoast.com\/product\/yoast-seo-premium-wordpress\/ -->\n<title>Communication tools - Voxia<\/title>\n<meta name=\"description\" content=\"We design your communication tools to bring your messages to life, convey your news and increase your visibility.\" \/>\n<meta name=\"robots\" content=\"index, follow, max-snippet:-1, max-image-preview:large, max-video-preview:-1\" \/>\n<link rel=\"canonical\" href=\"https:\/\/v2.voxia.ch\/en\/services\/communication-tools\/\" \/>\n<meta property=\"og:locale\" content=\"en_US\" \/>\n<meta property=\"og:type\" content=\"article\" \/>\n<meta property=\"og:title\" content=\"Communication tools\" \/>\n<meta property=\"og:description\" content=\"We design your communication tools to bring your messages to life, convey your news and increase your visibility.\" \/>\n<meta property=\"og:url\" content=\"https:\/\/v2.voxia.ch\/en\/services\/communication-tools\/\" \/>\n<meta property=\"og:site_name\" content=\"Voxia\" \/>\n<meta property=\"article:publisher\" content=\"https:\/\/www.facebook.com\/voxia\/\" \/>\n<meta property=\"article:modified_time\" content=\"2024-04-11T15:43:06+00:00\" \/>\n<meta property=\"og:image\" content=\"http:\/\/v2.voxia.ch\/wp-content\/uploads\/2024\/02\/Outil_communication.png\" \/>\n\t<meta property=\"og:image:width\" content=\"525\" \/>\n\t<meta property=\"og:image:height\" content=\"516\" \/>\n\t<meta property=\"og:image:type\" content=\"image\/png\" \/>\n<meta name=\"twitter:card\" content=\"summary_large_image\" \/>\n<meta name=\"twitter:label1\" content=\"Est. reading time\" \/>\n\t<meta name=\"twitter:data1\" content=\"1 minute\" \/>\n<script type=\"application\/ld+json\" class=\"yoast-schema-graph\">{\"@context\":\"https:\\\/\\\/schema.org\",\"@graph\":[{\"@type\":\"WebPage\",\"@id\":\"https:\\\/\\\/v2.voxia.ch\\\/en\\\/services\\\/communication-tools\\\/\",\"url\":\"https:\\\/\\\/v2.voxia.ch\\\/en\\\/services\\\/communication-tools\\\/\",\"name\":\"Communication tools - Voxia\",\"isPartOf\":{\"@id\":\"https:\\\/\\\/v2.voxia.ch\\\/#website\"},\"primaryImageOfPage\":{\"@id\":\"https:\\\/\\\/v2.voxia.ch\\\/en\\\/services\\\/communication-tools\\\/#primaryimage\"},\"image\":{\"@id\":\"https:\\\/\\\/v2.voxia.ch\\\/en\\\/services\\\/communication-tools\\\/#primaryimage\"},\"thumbnailUrl\":\"https:\\\/\\\/voxia.ch\\\/wp-content\\\/uploads\\\/2024\\\/02\\\/Outil_communication.png\",\"datePublished\":\"2024-01-26T14:25:50+00:00\",\"dateModified\":\"2024-04-11T15:43:06+00:00\",\"description\":\"We design your communication tools to bring your messages to life, convey your news and increase your visibility.\",\"breadcrumb\":{\"@id\":\"https:\\\/\\\/v2.voxia.ch\\\/en\\\/services\\\/communication-tools\\\/#breadcrumb\"},\"inLanguage\":\"en-US\",\"potentialAction\":[{\"@type\":\"ReadAction\",\"target\":[\"https:\\\/\\\/v2.voxia.ch\\\/en\\\/services\\\/communication-tools\\\/\"]}]},{\"@type\":\"ImageObject\",\"inLanguage\":\"en-US\",\"@id\":\"https:\\\/\\\/v2.voxia.ch\\\/en\\\/services\\\/communication-tools\\\/#primaryimage\",\"url\":\"https:\\\/\\\/voxia.ch\\\/wp-content\\\/uploads\\\/2024\\\/02\\\/Outil_communication.png\",\"contentUrl\":\"https:\\\/\\\/voxia.ch\\\/wp-content\\\/uploads\\\/2024\\\/02\\\/Outil_communication.png\",\"width\":525,\"height\":516,\"caption\":\"Conception graphique et identit\u00e9 visuelle\"},{\"@type\":\"BreadcrumbList\",\"@id\":\"https:\\\/\\\/v2.voxia.ch\\\/en\\\/services\\\/communication-tools\\\/#breadcrumb\",\"itemListElement\":[{\"@type\":\"ListItem\",\"position\":1,\"name\":\"Accueil\",\"item\":\"https:\\\/\\\/voxia.ch\\\/en\\\/\"},{\"@type\":\"ListItem\",\"position\":2,\"name\":\"services\",\"item\":\"https:\\\/\\\/v2.voxia.ch\\\/en\\\/services\\\/\"},{\"@type\":\"ListItem\",\"position\":3,\"name\":\"Communication tools\"}]},{\"@type\":\"WebSite\",\"@id\":\"https:\\\/\\\/v2.voxia.ch\\\/#website\",\"url\":\"https:\\\/\\\/v2.voxia.ch\\\/\",\"name\":\"Voxia\",\"description\":\"Voxia\",\"publisher\":{\"@id\":\"https:\\\/\\\/v2.voxia.ch\\\/#organization\"},\"potentialAction\":[{\"@type\":\"SearchAction\",\"target\":{\"@type\":\"EntryPoint\",\"urlTemplate\":\"https:\\\/\\\/v2.voxia.ch\\\/?s={search_term_string}\"},\"query-input\":{\"@type\":\"PropertyValueSpecification\",\"valueRequired\":true,\"valueName\":\"search_term_string\"}}],\"inLanguage\":\"en-US\"},{\"@type\":\"Organization\",\"@id\":\"https:\\\/\\\/v2.voxia.ch\\\/#organization\",\"name\":\"VOXIA communication\",\"alternateName\":\"VOXIA\",\"url\":\"https:\\\/\\\/v2.voxia.ch\\\/\",\"logo\":{\"@type\":\"ImageObject\",\"inLanguage\":\"en-US\",\"@id\":\"https:\\\/\\\/v2.voxia.ch\\\/#\\\/schema\\\/logo\\\/image\\\/\",\"url\":\"https:\\\/\\\/voxia.ch\\\/wp-content\\\/uploads\\\/2024\\\/04\\\/cropped-flavicon_voxia.png\",\"contentUrl\":\"https:\\\/\\\/voxia.ch\\\/wp-content\\\/uploads\\\/2024\\\/04\\\/cropped-flavicon_voxia.png\",\"width\":512,\"height\":512,\"caption\":\"VOXIA communication\"},\"image\":{\"@id\":\"https:\\\/\\\/v2.voxia.ch\\\/#\\\/schema\\\/logo\\\/image\\\/\"},\"sameAs\":[\"https:\\\/\\\/www.facebook.com\\\/voxia\\\/\",\"https:\\\/\\\/www.linkedin.com\\\/company\\\/voxia-communication\\\/\"],\"description\":\"Voxia est une agence de communication et de marketing bas\u00e9e en Suisse, sp\u00e9cialis\u00e9e en strat\u00e9gie de marque, relations m\u00e9dias, communication institutionnelle, marketing digital et production de contenus. L\u2019organisation s\u2019appuie sur trois p\u00f4les compl\u00e9mentaires : VOXCOM (communication & influence), VOXIMO (immobilier & projets urbains) et VOXFINANCE (finance, investissement & asset management). Nous accompagnons entreprises, institutions publiques, ONG et acteurs financiers avec des solutions sur mesure : strat\u00e9gie de communication, gestion de r\u00e9putation, campagnes digitales, conseil immobilier, communication financi\u00e8re et contenus \u00e0 forte valeur ajout\u00e9e. Notre expertise sectorielle, notre capacit\u00e9 \u00e0 anticiper les enjeux et notre approche int\u00e9gr\u00e9e permettent \u00e0 nos clients de gagner en visibilit\u00e9, en cr\u00e9dibilit\u00e9 et en impact durable.\",\"email\":\"peggy.girard@voxia.ch\",\"telephone\":\"+41 22 591 22 66\",\"legalName\":\"VOXIA communication\",\"foundingDate\":\"2001-11-05\",\"numberOfEmployees\":{\"@type\":\"QuantitativeValue\",\"minValue\":\"11\",\"maxValue\":\"50\"}}]}<\/script>\n<!-- \/ Yoast SEO Premium plugin. -->","yoast_head_json":{"title":"Communication tools - Voxia","description":"We design your communication tools to bring your messages to life, convey your news and increase your visibility.","robots":{"index":"index","follow":"follow","max-snippet":"max-snippet:-1","max-image-preview":"max-image-preview:large","max-video-preview":"max-video-preview:-1"},"canonical":"https:\/\/v2.voxia.ch\/en\/services\/communication-tools\/","og_locale":"en_US","og_type":"article","og_title":"Communication tools","og_description":"We design your communication tools to bring your messages to life, convey your news and increase your visibility.","og_url":"https:\/\/v2.voxia.ch\/en\/services\/communication-tools\/","og_site_name":"Voxia","article_publisher":"https:\/\/www.facebook.com\/voxia\/","article_modified_time":"2024-04-11T15:43:06+00:00","og_image":[{"width":525,"height":516,"url":"http:\/\/v2.voxia.ch\/wp-content\/uploads\/2024\/02\/Outil_communication.png","type":"image\/png"}],"twitter_card":"summary_large_image","twitter_misc":{"Est. reading time":"1 minute"},"schema":{"@context":"https:\/\/schema.org","@graph":[{"@type":"WebPage","@id":"https:\/\/v2.voxia.ch\/en\/services\/communication-tools\/","url":"https:\/\/v2.voxia.ch\/en\/services\/communication-tools\/","name":"Communication tools - Voxia","isPartOf":{"@id":"https:\/\/v2.voxia.ch\/#website"},"primaryImageOfPage":{"@id":"https:\/\/v2.voxia.ch\/en\/services\/communication-tools\/#primaryimage"},"image":{"@id":"https:\/\/v2.voxia.ch\/en\/services\/communication-tools\/#primaryimage"},"thumbnailUrl":"https:\/\/voxia.ch\/wp-content\/uploads\/2024\/02\/Outil_communication.png","datePublished":"2024-01-26T14:25:50+00:00","dateModified":"2024-04-11T15:43:06+00:00","description":"We design your communication tools to bring your messages to life, convey your news and increase your visibility.","breadcrumb":{"@id":"https:\/\/v2.voxia.ch\/en\/services\/communication-tools\/#breadcrumb"},"inLanguage":"en-US","potentialAction":[{"@type":"ReadAction","target":["https:\/\/v2.voxia.ch\/en\/services\/communication-tools\/"]}]},{"@type":"ImageObject","inLanguage":"en-US","@id":"https:\/\/v2.voxia.ch\/en\/services\/communication-tools\/#primaryimage","url":"https:\/\/voxia.ch\/wp-content\/uploads\/2024\/02\/Outil_communication.png","contentUrl":"https:\/\/voxia.ch\/wp-content\/uploads\/2024\/02\/Outil_communication.png","width":525,"height":516,"caption":"Conception graphique et identit\u00e9 visuelle"},{"@type":"BreadcrumbList","@id":"https:\/\/v2.voxia.ch\/en\/services\/communication-tools\/#breadcrumb","itemListElement":[{"@type":"ListItem","position":1,"name":"Accueil","item":"https:\/\/voxia.ch\/en\/"},{"@type":"ListItem","position":2,"name":"services","item":"https:\/\/v2.voxia.ch\/en\/services\/"},{"@type":"ListItem","position":3,"name":"Communication tools"}]},{"@type":"WebSite","@id":"https:\/\/v2.voxia.ch\/#website","url":"https:\/\/v2.voxia.ch\/","name":"Voxia","description":"Voxia","publisher":{"@id":"https:\/\/v2.voxia.ch\/#organization"},"potentialAction":[{"@type":"SearchAction","target":{"@type":"EntryPoint","urlTemplate":"https:\/\/v2.voxia.ch\/?s={search_term_string}"},"query-input":{"@type":"PropertyValueSpecification","valueRequired":true,"valueName":"search_term_string"}}],"inLanguage":"en-US"},{"@type":"Organization","@id":"https:\/\/v2.voxia.ch\/#organization","name":"VOXIA communication","alternateName":"VOXIA","url":"https:\/\/v2.voxia.ch\/","logo":{"@type":"ImageObject","inLanguage":"en-US","@id":"https:\/\/v2.voxia.ch\/#\/schema\/logo\/image\/","url":"https:\/\/voxia.ch\/wp-content\/uploads\/2024\/04\/cropped-flavicon_voxia.png","contentUrl":"https:\/\/voxia.ch\/wp-content\/uploads\/2024\/04\/cropped-flavicon_voxia.png","width":512,"height":512,"caption":"VOXIA communication"},"image":{"@id":"https:\/\/v2.voxia.ch\/#\/schema\/logo\/image\/"},"sameAs":["https:\/\/www.facebook.com\/voxia\/","https:\/\/www.linkedin.com\/company\/voxia-communication\/"],"description":"Voxia est une agence de communication et de marketing bas\u00e9e en Suisse, sp\u00e9cialis\u00e9e en strat\u00e9gie de marque, relations m\u00e9dias, communication institutionnelle, marketing digital et production de contenus. L\u2019organisation s\u2019appuie sur trois p\u00f4les compl\u00e9mentaires : VOXCOM (communication & influence), VOXIMO (immobilier & projets urbains) et VOXFINANCE (finance, investissement & asset management). Nous accompagnons entreprises, institutions publiques, ONG et acteurs financiers avec des solutions sur mesure : strat\u00e9gie de communication, gestion de r\u00e9putation, campagnes digitales, conseil immobilier, communication financi\u00e8re et contenus \u00e0 forte valeur ajout\u00e9e. Notre expertise sectorielle, notre capacit\u00e9 \u00e0 anticiper les enjeux et notre approche int\u00e9gr\u00e9e permettent \u00e0 nos clients de gagner en visibilit\u00e9, en cr\u00e9dibilit\u00e9 et en impact durable.","email":"peggy.girard@voxia.ch","telephone":"+41 22 591 22 66","legalName":"VOXIA communication","foundingDate":"2001-11-05","numberOfEmployees":{"@type":"QuantitativeValue","minValue":"11","maxValue":"50"}}]}},"_links":{"self":[{"href":"https:\/\/voxia.ch\/en\/wp-json\/wp\/v2\/pages\/1418","targetHints":{"allow":["GET"]}}],"collection":[{"href":"https:\/\/voxia.ch\/en\/wp-json\/wp\/v2\/pages"}],"about":[{"href":"https:\/\/voxia.ch\/en\/wp-json\/wp\/v2\/types\/page"}],"author":[{"embeddable":true,"href":"https:\/\/voxia.ch\/en\/wp-json\/wp\/v2\/users\/1"}],"replies":[{"embeddable":true,"href":"https:\/\/voxia.ch\/en\/wp-json\/wp\/v2\/comments?post=1418"}],"version-history":[{"count":4,"href":"https:\/\/voxia.ch\/en\/wp-json\/wp\/v2\/pages\/1418\/revisions"}],"predecessor-version":[{"id":1784,"href":"https:\/\/voxia.ch\/en\/wp-json\/wp\/v2\/pages\/1418\/revisions\/1784"}],"up":[{"embeddable":true,"href":"https:\/\/voxia.ch\/en\/wp-json\/wp\/v2\/pages\/1408"}],"wp:featuredmedia":[{"embeddable":true,"href":"https:\/\/voxia.ch\/en\/wp-json\/wp\/v2\/media\/1447"}],"wp:attachment":[{"href":"https:\/\/voxia.ch\/en\/wp-json\/wp\/v2\/media?parent=1418"}],"curies":[{"name":"wp","href":"https:\/\/api.w.org\/{rel}","templated":true}]}}